{"id":415,"date":"2025-05-23T19:09:22","date_gmt":"2025-05-23T19:09:22","guid":{"rendered":"https:\/\/titoparati.com\/tpt-proteccion-365-pagina-de-agradecimiento-v2-sin-correo-electronico\/"},"modified":"2025-07-15T18:35:43","modified_gmt":"2025-07-15T18:35:43","slug":"tpt-proteccion-365-pagina-de-agradecimiento-v2-sin-correo-electronico","status":"publish","type":"page","link":"https:\/\/titoparati.com\/es\/tpt-proteccion-365-pagina-de-agradecimiento-v2-sin-correo-electronico\/","title":{"rendered":"TPT Protec\u0107ion 365 P\u00e1gina de agradecimiento &#8211; V2 [SIN CORREO ELECTR\u00d3NICO]"},"content":{"rendered":"\t\t<div data-elementor-type=\"wp-page\" data-elementor-id=\"415\" class=\"elementor elementor-415 elementor-308\" data-elementor-post-type=\"page\">\n\t\t\t\t<div data-dce-background-color=\"#161C28\" class=\"elementor-element elementor-element-ac62547 e-flex e-con-boxed e-con e-parent\" data-id=\"ac62547\" data-element_type=\"container\" data-e-type=\"container\" data-settings=\"{&quot;background_background&quot;:&quot;classic&quot;,&quot;shape_divider_bottom&quot;:&quot;arrow&quot;,&quot;shape_divider_bottom_negative&quot;:&quot;yes&quot;}\">\n\t\t\t\t\t<div class=\"e-con-inner\">\n\t\t\t\t<div class=\"elementor-shape elementor-shape-bottom\" aria-hidden=\"true\" data-negative=\"true\">\n\t\t\t<svg xmlns=\"http:\/\/www.w3.org\/2000\/svg\" viewBox=\"0 0 700 10\" preserveAspectRatio=\"none\">\n\t<path class=\"elementor-shape-fill\" d=\"M360 0L350 9.9 340 0 0 0 0 10 700 10 700 0\"\/>\n<\/svg>\t\t<\/div>\n\t\t\t\t<div class=\"elementor-element elementor-element-f6afb2f elementor-widget elementor-widget-heading\" data-id=\"f6afb2f\" data-element_type=\"widget\" data-e-type=\"widget\" data-widget_type=\"heading.default\">\n\t\t\t\t\t<h1 class=\"elementor-heading-title elementor-size-default\">Gracias por confiar en TITOpara<span style=\"color: #e31d1a\">TI\n<\/h1>\t\t\t\t<\/div>\n\t\t\t\t<div class=\"elementor-element elementor-element-0a9fc8d elementor-widget elementor-widget-heading\" data-id=\"0a9fc8d\" data-element_type=\"widget\" data-e-type=\"widget\" data-widget_type=\"heading.default\">\n\t\t\t\t\t<h3 class=\"elementor-heading-title elementor-size-default\">Su informaci\u00f3n ha sido recibida con \u00e9xito.  \n\n<\/h3>\t\t\t\t<\/div>\n\t\t\t\t<div class=\"elementor-element elementor-element-f1a1957 elementor-widget elementor-widget-heading\" data-id=\"f1a1957\" data-element_type=\"widget\" data-e-type=\"widget\" data-widget_type=\"heading.default\">\n\t\t\t\t\t<h3 class=\"elementor-heading-title elementor-size-default\">\u00a1Estamos aqu\u00ed para protegerte de inmediato!\n\n<\/h3>\t\t\t\t<\/div>\n\t\t\t\t\t<\/div>\n\t\t\t\t<\/div>\n\t\t<div class=\"elementor-element elementor-element-d70311d e-flex e-con-boxed e-con e-parent\" data-id=\"d70311d\" data-element_type=\"container\" data-e-type=\"container\">\n\t\t\t\t\t<div class=\"e-con-inner\">\n\t\t<div class=\"elementor-element elementor-element-cd6e187 e-con-full e-flex e-con e-child\" data-id=\"cd6e187\" data-element_type=\"container\" data-e-type=\"container\">\n\t\t\t\t<div class=\"elementor-element elementor-element-63d07d1 elementor-widget elementor-widget-heading\" data-id=\"63d07d1\" data-element_type=\"widget\" data-e-type=\"widget\" data-widget_type=\"heading.default\">\n\t\t\t\t\t<h2 class=\"elementor-heading-title elementor-size-default\"><span style=\"font-weight: 600\">Su inclusi\u00f3n en la lista de espera para ser miembro de <span style=\"color: #702022\">PROTECCI\u00d3N 365<\/span> incluye:\n<\/span><\/h2>\t\t\t\t<\/div>\n\t\t\t\t<div class=\"elementor-element elementor-element-41ca5ce elementor-widget elementor-widget-text-editor\" data-id=\"41ca5ce\" data-element_type=\"widget\" data-e-type=\"widget\" data-widget_type=\"text-editor.default\">\n\t\t\t\t\t\t\t\t\t<p class=\"text-align-left\">\ud83d\udee1\ufe0f <strong>L\u00ednea directa VIP 24\/7<\/strong> para emergencias de accidentes<br>\ud83d\ude97 <strong>Asistencia de remolque y primeros pasos<\/strong> despu\u00e9s de un accidente<br>\ud83d\udcbc <strong>La prueba de Tito<\/strong> : m\u00e9todo comprobado para contratar al abogado adecuado<br>\ud83d\udcdd <strong>Revisi\u00f3n de casos legales VIP<\/strong> : obtenga una segunda opini\u00f3n antes de firmar cualquier documento<\/p>\t\t\t\t\t\t\t\t<\/div>\n\t\t\t\t<div class=\"elementor-element elementor-element-0ef30f2 elementor-widget elementor-widget-heading\" data-id=\"0ef30f2\" data-element_type=\"widget\" data-e-type=\"widget\" data-widget_type=\"heading.default\">\n\t\t\t\t\t<h2 class=\"elementor-heading-title elementor-size-default\">Sus pr\u00f3ximos pasos:\n<\/h2>\t\t\t\t<\/div>\n\t\t\t\t<div class=\"elementor-element elementor-element-3287772 elementor-widget elementor-widget-text-editor\" data-id=\"3287772\" data-element_type=\"widget\" data-e-type=\"widget\" data-widget_type=\"text-editor.default\">\n\t\t\t\t\t\t\t\t\t<ul class=\"lp-list text-align-left lp-list--bullet\" data-guid=\"a39d4d8b-aa95-0221-1311-ae7671aca8d1\"><li><strong>Descargue su gu\u00eda de la \u00abprueba de Tito\u00bb \u2014 Aprenda<\/strong> a evaluar a cualquier abogado antes de contratarlo<\/li><li><strong>Nuestro equipo de primera respuesta lo llamar\u00e1<\/strong> : nuestro equipo de apoyo legal lo llamar\u00e1 para darle la bienvenida a la familia, responder cualquier pregunta y brindarle asistencia si ha tenido un accidente recientemente<\/li><\/ul>\t\t\t\t\t\t\t\t<\/div>\n\t\t\t\t<div class=\"elementor-element elementor-element-5d3ca9c elementor-widget elementor-widget-heading\" data-id=\"5d3ca9c\" data-element_type=\"widget\" data-e-type=\"widget\" data-widget_type=\"heading.default\">\n\t\t\t\t\t<h2 class=\"elementor-heading-title elementor-size-default\">\ud83d\udea8 \u00bfNecesita ayuda inmediata despu\u00e9s de un accidente? \ud83d\udea8\n<\/h2>\t\t\t\t<\/div>\n\t\t\t\t<div class=\"elementor-element elementor-element-f439112 elementor-widget elementor-widget-text-editor\" data-id=\"f439112\" data-element_type=\"widget\" data-e-type=\"widget\" data-widget_type=\"text-editor.default\">\n\t\t\t\t\t\t\t\t\t<p><strong>No esperes. Ll\u00e1manos AHORA: 909.909.9090<\/strong><br>Nuestro equipo de primera respuesta est\u00e1 disponible 24\/7 para guiarte en los pasos cr\u00edticos despu\u00e9s de un accidente. No dejes que las compa\u00f1\u00edas de seguros te quiten miles de d\u00f3lares en compensaci\u00f3n que mereces.<\/p>\t\t\t\t\t\t\t\t<\/div>\n\t\t\t\t<\/div>\n\t\t\t\t\t<\/div>\n\t\t\t\t<\/div>\n\t\t<div data-dce-background-color=\"#161C28\" class=\"elementor-element elementor-element-6b72845 e-flex e-con-boxed e-con e-parent\" data-id=\"6b72845\" data-element_type=\"container\" data-e-type=\"container\" data-settings=\"{&quot;background_background&quot;:&quot;classic&quot;}\">\n\t\t\t\t\t<div class=\"e-con-inner\">\n\t\t<div class=\"elementor-element elementor-element-67772e9 e-con-full e-flex e-con e-child\" data-id=\"67772e9\" data-element_type=\"container\" data-e-type=\"container\">\n\t\t<div class=\"elementor-element elementor-element-2662d34 e-con-full e-flex e-con e-child\" data-id=\"2662d34\" data-element_type=\"container\" data-e-type=\"container\">\n\t\t\t\t<div class=\"elementor-element elementor-element-3112443 elementor-widget elementor-widget-heading\" data-id=\"3112443\" data-element_type=\"widget\" data-e-type=\"widget\" data-widget_type=\"heading.default\">\n\t\t\t\t\t<h2 class=\"elementor-heading-title elementor-size-default\">\"Solo intentaba mantenerme fuerte por mis hijos. Despu\u00e9s del accidente, no sab\u00eda qu\u00e9 hacer. Llam\u00e9 a Protecci\u00f3n 365 por la noche, y alguien contest\u00f3. Una persona real. No me apresuraron, solo dijeron \u201cte respaldamos.\u201d Y lo hicieron. De verdad lo hicieron\"<\/h2>\t\t\t\t<\/div>\n\t\t\t\t<div class=\"elementor-element elementor-element-ad029ef elementor-widget elementor-widget-text-editor\" data-id=\"ad029ef\" data-element_type=\"widget\" data-e-type=\"widget\" data-widget_type=\"text-editor.default\">\n\t\t\t\t\t\t\t\t\t<p>-Mariana G., Van Nuys, CA<\/p>\t\t\t\t\t\t\t\t<\/div>\n\t\t\t\t<\/div>\n\t\t<div class=\"elementor-element elementor-element-e1b83c5 e-con-full e-flex e-con e-child\" data-id=\"e1b83c5\" data-element_type=\"container\" data-e-type=\"container\">\n\t\t\t\t<div class=\"elementor-element elementor-element-893b106 elementor-widget elementor-widget-heading\" data-id=\"893b106\" data-element_type=\"widget\" data-e-type=\"widget\" data-widget_type=\"heading.default\">\n\t\t\t\t\t<h2 class=\"elementor-heading-title elementor-size-default\">\"Normalmente no conf\u00edo en estas cosas. Pero ellos respondieron. Hablaban mi idioma. No me estaban presionando para que firmara ni nada. Simplemente honesto. Me gust\u00f3 eso\"\n\n<\/h2>\t\t\t\t<\/div>\n\t\t\t\t<div class=\"elementor-element elementor-element-c672088 elementor-widget elementor-widget-text-editor\" data-id=\"c672088\" data-element_type=\"widget\" data-e-type=\"widget\" data-widget_type=\"text-editor.default\">\n\t\t\t\t\t\t\t\t\t<p>-Eduardo R., Santa Ana, CA<\/p>\t\t\t\t\t\t\t\t<\/div>\n\t\t\t\t<\/div>\n\t\t\t\t<\/div>\n\t\t<div class=\"elementor-element elementor-element-414de70 e-con-full e-flex e-con e-child\" data-id=\"414de70\" data-element_type=\"container\" data-e-type=\"container\">\n\t\t\t\t<div class=\"elementor-element elementor-element-53aab60 elementor-widget elementor-widget-heading\" data-id=\"53aab60\" data-element_type=\"widget\" data-e-type=\"widget\" data-widget_type=\"heading.default\">\n\t\t\t\t\t<h2 class=\"elementor-heading-title elementor-size-default\">Un mensaje personal de Tito:\n<\/h2>\t\t\t\t<\/div>\n\t\t\t\t<div class=\"elementor-element elementor-element-574bd12 elementor-widget elementor-widget-text-editor\" data-id=\"574bd12\" data-element_type=\"widget\" data-e-type=\"widget\" data-widget_type=\"text-editor.default\">\n\t\t\t\t\t\t\t\t\t<p><em>\u00abMe llena de alegr\u00eda darte la bienvenida personalmente a nuestra familia. Como alguien que ha dedicado m\u00e1s de 40 a\u00f1os a proteger a nuestra comunidad, entiendo las preocupaciones que enfrentas. Tu consulta personalizada no es solo un beneficio, es mi promesa de que tu familia recibir\u00e1 la protecci\u00f3n espec\u00edfica que merece.<\/em><br><em>Espero conocerte personalmente en nuestra llamada\u00bb.<\/em><\/p>\t\t\t\t\t\t\t\t<\/div>\n\t\t\t\t<div class=\"elementor-element elementor-element-fea8660 elementor-widget elementor-widget-text-editor\" data-id=\"fea8660\" data-element_type=\"widget\" data-e-type=\"widget\" data-widget_type=\"text-editor.default\">\n\t\t\t\t\t\t\t\t\t<p>Con profunda gratitud,<br>Tito \u00c1lvarez<br>Fundador, TitoParaTi<\/p>\t\t\t\t\t\t\t\t<\/div>\n\t\t\t\t<div class=\"elementor-element elementor-element-be1a27c elementor-widget elementor-widget-heading\" data-id=\"be1a27c\" data-element_type=\"widget\" data-e-type=\"widget\" data-widget_type=\"heading.default\">\n\t\t\t\t\t<h2 class=\"elementor-heading-title elementor-size-default\">Recordar:\n<\/h2>\t\t\t\t<\/div>\n\t\t\t\t<div class=\"elementor-element elementor-element-510c5b3 elementor-widget elementor-widget-text-editor\" data-id=\"510c5b3\" data-element_type=\"widget\" data-e-type=\"widget\" data-widget_type=\"text-editor.default\">\n\t\t\t\t\t\t\t\t\t<p>\u2705 Est\u00e1 en la lista de espera para recibir la membres\u00eda de PROTECCI\u00d3N 365 por un a\u00f1o completo (un valor de $1,164)<\/p>\t\t\t\t\t\t\t\t<\/div>\n\t\t\t\t<div class=\"elementor-element elementor-element-2e6f10e elementor-widget elementor-widget-text-editor\" data-id=\"2e6f10e\" data-element_type=\"widget\" data-e-type=\"widget\" data-widget_type=\"text-editor.default\">\n\t\t\t\t\t\t\t\t\t<p>\u2705 Nuestro equipo se pondr\u00e1 en contacto contigo para darte la bienvenida y ayudarte si has sufrido un accidente recientemente<\/p>\t\t\t\t\t\t\t\t<\/div>\n\t\t\t\t<div class=\"elementor-element elementor-element-33112c6 elementor-widget elementor-widget-text-editor\" data-id=\"33112c6\" data-element_type=\"widget\" data-e-type=\"widget\" data-widget_type=\"text-editor.default\">\n\t\t\t\t\t\t\t\t\t<p>\u2705 Si necesita ayuda inmediata, ll\u00e1menos al <span style=\"text-decoration: underline;\">909.909.9090<\/span><\/p>\t\t\t\t\t\t\t\t<\/div>\n\t\t\t\t<div class=\"elementor-element elementor-element-81a6ffb elementor-widget elementor-widget-text-editor\" data-id=\"81a6ffb\" data-element_type=\"widget\" data-e-type=\"widget\" data-widget_type=\"text-editor.default\">\n\t\t\t\t\t\t\t\t\t<p>Estamos aqu\u00ed para protegerte. No est\u00e1s solo en este proceso.<\/p>\t\t\t\t\t\t\t\t<\/div>\n\t\t\t\t<\/div>\n\t\t\t\t<div class=\"elementor-element elementor-element-13e1e78 elementor-widget-divider--view-line elementor-widget elementor-widget-divider\" data-id=\"13e1e78\" data-element_type=\"widget\" data-e-type=\"widget\" data-widget_type=\"divider.default\">\n\t\t\t\t\t\t\t<div class=\"elementor-divider\">\n\t\t\t<span class=\"elementor-divider-separator\">\n\t\t\t\t\t\t<\/span>\n\t\t<\/div>\n\t\t\t\t\t\t<\/div>\n\t\t\t\t<div class=\"elementor-element elementor-element-e324231 elementor-widget elementor-widget-text-editor\" data-id=\"e324231\" data-element_type=\"widget\" data-e-type=\"widget\" data-widget_type=\"text-editor.default\">\n\t\t\t\t\t\t\t\t\t<p class=\"text-align-center font-scale-3\">\u00a92025 Todos los derechos reservados. <a href=\"https:\/\/docs.google.com\/document\/d\/1uzHoQABTLrYrIoy4jbyiKW9gyAHFlut7el6DiffPK9Q\/edit#\" target=\"_top\" data-link-type=\"external\"><u>Pol\u00edtica de privacidad<\/u><\/a> | TITOparaTI<\/p><p>Aviso legal:<br>La oferta de membres\u00eda Protecci\u00f3n 365 est\u00e1 sujeta a cambios en cualquier momento sin previo aviso. Tito Para Ti se reserva el derecho de modificar, suspender o discontinuar cualquier aspecto de los beneficios de la membres\u00eda a su entera discreci\u00f3n. Las ofertas y servicios pueden ser actualizados, modificados o eliminados sin explicaci\u00f3n. Al registrarse, los miembros reconocen y aceptan estos t\u00e9rminos.<br>Este sitio no forma parte de los sitios web de YouTube, Google o Facebook; Google Inc. o Meta Platforms, Inc. Adem\u00e1s, este sitio NO est\u00e1 respaldado por YouTube, Google o Facebook de ninguna manera. Facebook es una marca registrada de Meta Platforms, Inc. YouTube es una marca registrada de Google, LLC. Tito Para Ti es una marca registrada de Centro de Protecci\u00f3n Legal, LLC. Tu privacidad es importante para nosotros y te animamos a revisar nuestros T\u00e9rminos de Servicio, Pol\u00edtica de Privacidad o cualquier otro Aviso Legal listado en nuestro sitio para entender c\u00f3mo manejamos cualquier informaci\u00f3n que nos proporciones.     <\/p>\t\t\t\t\t\t\t\t<\/div>\n\t\t\t\t\t<\/div>\n\t\t\t\t<\/div>\n\t\t\t\t<\/div>\n\t\t","protected":false},"excerpt":{"rendered":"<p>Gracias por confiar en TITOparaTI Su informaci\u00f3n ha sido recibida con \u00e9xito. \u00a1Estamos aqu\u00ed para protegerte de inmediato! Su inclusi\u00f3n en la lista de espera para ser miembro de PROTECCI\u00d3N 365 incluye: \ud83d\udee1\ufe0f L\u00ednea directa VIP 24\/7 para emergencias de accidentes\ud83d\ude97 Asistencia de remolque y primeros pasos despu\u00e9s de un accidente\ud83d\udcbc La prueba de Tito [&hellip;]<\/p>\n","protected":false},"author":2,"featured_media":0,"parent":0,"menu_order":0,"comment_status":"closed","ping_status":"closed","template":"elementor_canvas","meta":{"_acf_changed":false,"footnotes":""},"class_list":["post-415","page","type-page","status-publish","hentry"],"acf":[],"yoast_head":"<!-- This site is optimized with the Yoast SEO plugin v27.4 - https:\/\/yoast.com\/product\/yoast-seo-wordpress\/ -->\n<title>TPT Protec\u0107ion 365 P\u00e1gina de agradecimiento - V2 [SIN CORREO ELECTR\u00d3NICO] - TitoParaTI<\/title>\n<meta name=\"robots\" content=\"index, follow, max-snippet:-1, max-image-preview:large, max-video-preview:-1\" \/>\n<link rel=\"canonical\" href=\"https:\/\/titoparati.com\/es\/tpt-proteccion-365-pagina-de-agradecimiento-v2-sin-correo-electronico\/\" \/>\n<meta property=\"og:locale\" content=\"es_ES\" \/>\n<meta property=\"og:type\" content=\"article\" \/>\n<meta property=\"og:title\" content=\"TPT Protec\u0107ion 365 P\u00e1gina de agradecimiento - V2 [SIN CORREO ELECTR\u00d3NICO] - TitoParaTI\" \/>\n<meta property=\"og:description\" content=\"Gracias por confiar en TITOparaTI Su informaci\u00f3n ha sido recibida con \u00e9xito. \u00a1Estamos aqu\u00ed para protegerte de inmediato! Su inclusi\u00f3n en la lista de espera para ser miembro de PROTECCI\u00d3N 365 incluye: \ud83d\udee1\ufe0f L\u00ednea directa VIP 24\/7 para emergencias de accidentes\ud83d\ude97 Asistencia de remolque y primeros pasos despu\u00e9s de un accidente\ud83d\udcbc La prueba de Tito [&hellip;]\" \/>\n<meta property=\"og:url\" content=\"https:\/\/titoparati.com\/es\/tpt-proteccion-365-pagina-de-agradecimiento-v2-sin-correo-electronico\/\" \/>\n<meta property=\"og:site_name\" content=\"TitoParaTI\" \/>\n<meta property=\"article:publisher\" content=\"https:\/\/www.facebook.com\/TitoParaTiOfficial\/\" \/>\n<meta property=\"article:modified_time\" content=\"2025-07-15T18:35:43+00:00\" \/>\n<meta name=\"twitter:card\" content=\"summary_large_image\" \/>\n<meta name=\"twitter:label1\" content=\"Tiempo de lectura\" \/>\n\t<meta name=\"twitter:data1\" content=\"3 minutos\" \/>\n<script type=\"application\/ld+json\" class=\"yoast-schema-graph\">{\"@context\":\"https:\\\/\\\/schema.org\",\"@graph\":[{\"@type\":\"WebPage\",\"@id\":\"https:\\\/\\\/titoparati.com\\\/es\\\/tpt-proteccion-365-pagina-de-agradecimiento-v2-sin-correo-electronico\\\/\",\"url\":\"https:\\\/\\\/titoparati.com\\\/es\\\/tpt-proteccion-365-pagina-de-agradecimiento-v2-sin-correo-electronico\\\/\",\"name\":\"TPT Protec\u0107ion 365 P\u00e1gina de agradecimiento - V2 [SIN CORREO ELECTR\u00d3NICO] - TitoParaTI\",\"isPartOf\":{\"@id\":\"https:\\\/\\\/titoparati.com\\\/#website\"},\"datePublished\":\"2025-05-23T19:09:22+00:00\",\"dateModified\":\"2025-07-15T18:35:43+00:00\",\"breadcrumb\":{\"@id\":\"https:\\\/\\\/titoparati.com\\\/es\\\/tpt-proteccion-365-pagina-de-agradecimiento-v2-sin-correo-electronico\\\/#breadcrumb\"},\"inLanguage\":\"es\",\"potentialAction\":[{\"@type\":\"ReadAction\",\"target\":[\"https:\\\/\\\/titoparati.com\\\/es\\\/tpt-proteccion-365-pagina-de-agradecimiento-v2-sin-correo-electronico\\\/\"]}]},{\"@type\":\"BreadcrumbList\",\"@id\":\"https:\\\/\\\/titoparati.com\\\/es\\\/tpt-proteccion-365-pagina-de-agradecimiento-v2-sin-correo-electronico\\\/#breadcrumb\",\"itemListElement\":[{\"@type\":\"ListItem\",\"position\":1,\"name\":\"Home\",\"item\":\"https:\\\/\\\/titoparati.com\\\/es\\\/hogar\\\/\"},{\"@type\":\"ListItem\",\"position\":2,\"name\":\"TPT Protec\u0107ion 365 P\u00e1gina de agradecimiento &#8211; V2 [SIN CORREO ELECTR\u00d3NICO]\"}]},{\"@type\":\"WebSite\",\"@id\":\"https:\\\/\\\/titoparati.com\\\/#website\",\"url\":\"https:\\\/\\\/titoparati.com\\\/\",\"name\":\"TitoParaTI\",\"description\":\"Accident victim? | TITOparaTI fights for maximum compensation\",\"publisher\":{\"@id\":\"https:\\\/\\\/titoparati.com\\\/#organization\"},\"potentialAction\":[{\"@type\":\"SearchAction\",\"target\":{\"@type\":\"EntryPoint\",\"urlTemplate\":\"https:\\\/\\\/titoparati.com\\\/?s={search_term_string}\"},\"query-input\":{\"@type\":\"PropertyValueSpecification\",\"valueRequired\":true,\"valueName\":\"search_term_string\"}}],\"inLanguage\":\"es\"},{\"@type\":\"Organization\",\"@id\":\"https:\\\/\\\/titoparati.com\\\/#organization\",\"name\":\"TitoParaTI\",\"url\":\"https:\\\/\\\/titoparati.com\\\/\",\"logo\":{\"@type\":\"ImageObject\",\"inLanguage\":\"es\",\"@id\":\"https:\\\/\\\/titoparati.com\\\/#\\\/schema\\\/logo\\\/image\\\/\",\"url\":\"https:\\\/\\\/titoparati.com\\\/wp-content\\\/uploads\\\/2025\\\/11\\\/506614542_122136953198757248_7617916260751678191_n.jpg\",\"contentUrl\":\"https:\\\/\\\/titoparati.com\\\/wp-content\\\/uploads\\\/2025\\\/11\\\/506614542_122136953198757248_7617916260751678191_n.jpg\",\"width\":2048,\"height\":2048,\"caption\":\"TitoParaTI\"},\"image\":{\"@id\":\"https:\\\/\\\/titoparati.com\\\/#\\\/schema\\\/logo\\\/image\\\/\"},\"sameAs\":[\"https:\\\/\\\/www.facebook.com\\\/TitoParaTiOfficial\\\/\",\"https:\\\/\\\/www.instagram.com\\\/titoparatiofficial\\\/?hl=en\"]}]}<\/script>\n<!-- \/ Yoast SEO plugin. -->","yoast_head_json":{"title":"TPT Protec\u0107ion 365 P\u00e1gina de agradecimiento - V2 [SIN CORREO ELECTR\u00d3NICO] - TitoParaTI","robots":{"index":"index","follow":"follow","max-snippet":"max-snippet:-1","max-image-preview":"max-image-preview:large","max-video-preview":"max-video-preview:-1"},"canonical":"https:\/\/titoparati.com\/es\/tpt-proteccion-365-pagina-de-agradecimiento-v2-sin-correo-electronico\/","og_locale":"es_ES","og_type":"article","og_title":"TPT Protec\u0107ion 365 P\u00e1gina de agradecimiento - V2 [SIN CORREO ELECTR\u00d3NICO] - TitoParaTI","og_description":"Gracias por confiar en TITOparaTI Su informaci\u00f3n ha sido recibida con \u00e9xito. \u00a1Estamos aqu\u00ed para protegerte de inmediato! Su inclusi\u00f3n en la lista de espera para ser miembro de PROTECCI\u00d3N 365 incluye: \ud83d\udee1\ufe0f L\u00ednea directa VIP 24\/7 para emergencias de accidentes\ud83d\ude97 Asistencia de remolque y primeros pasos despu\u00e9s de un accidente\ud83d\udcbc La prueba de Tito [&hellip;]","og_url":"https:\/\/titoparati.com\/es\/tpt-proteccion-365-pagina-de-agradecimiento-v2-sin-correo-electronico\/","og_site_name":"TitoParaTI","article_publisher":"https:\/\/www.facebook.com\/TitoParaTiOfficial\/","article_modified_time":"2025-07-15T18:35:43+00:00","twitter_card":"summary_large_image","twitter_misc":{"Tiempo de lectura":"3 minutos"},"schema":{"@context":"https:\/\/schema.org","@graph":[{"@type":"WebPage","@id":"https:\/\/titoparati.com\/es\/tpt-proteccion-365-pagina-de-agradecimiento-v2-sin-correo-electronico\/","url":"https:\/\/titoparati.com\/es\/tpt-proteccion-365-pagina-de-agradecimiento-v2-sin-correo-electronico\/","name":"TPT Protec\u0107ion 365 P\u00e1gina de agradecimiento - V2 [SIN CORREO ELECTR\u00d3NICO] - TitoParaTI","isPartOf":{"@id":"https:\/\/titoparati.com\/#website"},"datePublished":"2025-05-23T19:09:22+00:00","dateModified":"2025-07-15T18:35:43+00:00","breadcrumb":{"@id":"https:\/\/titoparati.com\/es\/tpt-proteccion-365-pagina-de-agradecimiento-v2-sin-correo-electronico\/#breadcrumb"},"inLanguage":"es","potentialAction":[{"@type":"ReadAction","target":["https:\/\/titoparati.com\/es\/tpt-proteccion-365-pagina-de-agradecimiento-v2-sin-correo-electronico\/"]}]},{"@type":"BreadcrumbList","@id":"https:\/\/titoparati.com\/es\/tpt-proteccion-365-pagina-de-agradecimiento-v2-sin-correo-electronico\/#breadcrumb","itemListElement":[{"@type":"ListItem","position":1,"name":"Home","item":"https:\/\/titoparati.com\/es\/hogar\/"},{"@type":"ListItem","position":2,"name":"TPT Protec\u0107ion 365 P\u00e1gina de agradecimiento &#8211; V2 [SIN CORREO ELECTR\u00d3NICO]"}]},{"@type":"WebSite","@id":"https:\/\/titoparati.com\/#website","url":"https:\/\/titoparati.com\/","name":"TitoParaTI","description":"Accident victim? | TITOparaTI fights for maximum compensation","publisher":{"@id":"https:\/\/titoparati.com\/#organization"},"potentialAction":[{"@type":"SearchAction","target":{"@type":"EntryPoint","urlTemplate":"https:\/\/titoparati.com\/?s={search_term_string}"},"query-input":{"@type":"PropertyValueSpecification","valueRequired":true,"valueName":"search_term_string"}}],"inLanguage":"es"},{"@type":"Organization","@id":"https:\/\/titoparati.com\/#organization","name":"TitoParaTI","url":"https:\/\/titoparati.com\/","logo":{"@type":"ImageObject","inLanguage":"es","@id":"https:\/\/titoparati.com\/#\/schema\/logo\/image\/","url":"https:\/\/titoparati.com\/wp-content\/uploads\/2025\/11\/506614542_122136953198757248_7617916260751678191_n.jpg","contentUrl":"https:\/\/titoparati.com\/wp-content\/uploads\/2025\/11\/506614542_122136953198757248_7617916260751678191_n.jpg","width":2048,"height":2048,"caption":"TitoParaTI"},"image":{"@id":"https:\/\/titoparati.com\/#\/schema\/logo\/image\/"},"sameAs":["https:\/\/www.facebook.com\/TitoParaTiOfficial\/","https:\/\/www.instagram.com\/titoparatiofficial\/?hl=en"]}]}},"_links":{"self":[{"href":"https:\/\/titoparati.com\/es\/wp-json\/wp\/v2\/pages\/415","targetHints":{"allow":["GET"]}}],"collection":[{"href":"https:\/\/titoparati.com\/es\/wp-json\/wp\/v2\/pages"}],"about":[{"href":"https:\/\/titoparati.com\/es\/wp-json\/wp\/v2\/types\/page"}],"author":[{"embeddable":true,"href":"https:\/\/titoparati.com\/es\/wp-json\/wp\/v2\/users\/2"}],"replies":[{"embeddable":true,"href":"https:\/\/titoparati.com\/es\/wp-json\/wp\/v2\/comments?post=415"}],"version-history":[{"count":4,"href":"https:\/\/titoparati.com\/es\/wp-json\/wp\/v2\/pages\/415\/revisions"}],"predecessor-version":[{"id":1020,"href":"https:\/\/titoparati.com\/es\/wp-json\/wp\/v2\/pages\/415\/revisions\/1020"}],"wp:attachment":[{"href":"https:\/\/titoparati.com\/es\/wp-json\/wp\/v2\/media?parent=415"}],"curies":[{"name":"wp","href":"https:\/\/api.w.org\/{rel}","templated":true}]}}